{"id":91,"date":"2023-08-21T14:29:29","date_gmt":"2023-08-21T14:29:29","guid":{"rendered":"http:\/\/www.lyzkarstwo.pl\/?page_id=91"},"modified":"2024-02-20T22:12:15","modified_gmt":"2024-02-20T22:12:15","slug":"o-stronie-2","status":"publish","type":"page","link":"https:\/\/www.lyzkarstwo.pl\/index.php\/o-stronie-2\/","title":{"rendered":"O STRONIE&#8230;"},"content":{"rendered":"\n<p>Strona internetowa po\u015bwi\u0119cona jest \u0142y\u017ckarstwu i tradycyjnej obr\u00f3bce drewna na \u0141emkowszczy\u017anie.  Na stronie znalaz\u0142y si\u0119 informacje o \u0142y\u017ckarzach i osobach zajmuj\u0105cych si\u0119 tradycyjn\u0105 obr\u00f3bk\u0105 drewna (zak\u0142adka SPECE) zamieszkuj\u0105cych przede wszystkim wsie: Nowica, Leszczyny, Kunkowa, Bielanka (historie miejscowo\u015bci r\u00f3wnie\u017c znalaz\u0142y si\u0119 na stronie). Stworzone zosta\u0142y biogramy jedynie tych os\u00f3b, z kt\u00f3rymi zdo\u0142ano porozmawia\u0107 (podmenu POTRAFI\u0104 w zak\u0142adce SPECE) albo, do kt\u00f3rych potomk\u00f3w uda\u0142o si\u0119 dotrze\u0107 i tym samym pozyska\u0107 biogramy czy zdj\u0119cia (podmenu POTRAFILI w zak\u0142adce SPECE). Czytaj\u0105c ich \u017cyciorysy i opowie\u015bci o rzemio\u015ble poznajemy jednocze\u015bnie opisy narz\u0119dzi i swoiste nazewnictwo zwi\u0105zane z tym fachem a tak\u017ce szlaki handlowe i sposoby zbytu towar\u00f3w. Ale strona nie jest po\u015bwi\u0119cona jedynie odleg\u0142ej przesz\u0142o\u015bci \u2013 znajduj\u0105 si\u0119 tu tak\u017ce informacje na temat tera\u017aniejszo\u015bci i mo\u017cliwo\u015bci nauki tradycyjnego \u0142y\u017ckarstwa. &nbsp;<\/p>\n\n\n\n<p>Zach\u0119cam r\u00f3wnie\u017c do zapoznania si\u0119 z<a href=\"http:\/\/www.lyzkarstwo.pl\/wp-content\/uploads\/2024\/02\/LYZKARSTWO_REGINA_PAZDUR.pdf\" data-type=\"link\" data-id=\"http:\/\/www.lyzkarstwo.pl\/wp-content\/uploads\/2024\/02\/Regina-Pazdur-Lyzkarstwo300dpi.pdf\"> publikacj\u0105 w wersji elektroniczne<\/a>j, kt\u00f3ra powsta\u0142a jako wynik wieloletnich bada\u0144 terenowych, kwerend archiwalnych i muzealnych \u2013 o kt\u00f3rych r\u00f3wnie\u017c mowa jest na stronie \u2013 a w ca\u0142o\u015bci po\u015bwi\u0119cona jest omawianemu tematowi. Na stronie znajd\u0105 Pa\u0144stwo r\u00f3wnie\u017c trzy filmy mego autorstwa dotycz\u0105ce \u0142y\u017ckarstwa w Nowicy a tak\u017ce linki do materia\u0142\u00f3w audiowizualnych innych autor\u00f3w, kt\u00f3re podejmuj\u0105 interesuj\u0105cy nas temat.<\/p>\n\n\n\n<p>z pozdrowieniami<\/p>\n\n\n\n<p><a href=\"https:\/\/www.lyzkarstwo.pl\/index.php\/o-mnie\/\" target=\"_blank\" rel=\"noreferrer noopener\">Regina Pazdur<\/a><\/p>\n\n\n\n<figure class=\"wp-block-image size-large\"><img loading=\"lazy\" decoding=\"async\" width=\"1024\" height=\"683\" src=\"https:\/\/www.lyzkarstwo.pl\/wp-content\/uploads\/2023\/10\/IMG_3028-1024x683.jpg\" alt=\"\" class=\"wp-image-1014\" srcset=\"https:\/\/www.lyzkarstwo.pl\/wp-content\/uploads\/2023\/10\/IMG_3028-1024x683.jpg 1024w, https:\/\/www.lyzkarstwo.pl\/wp-content\/uploads\/2023\/10\/IMG_3028-300x200.jpg 300w, https:\/\/www.lyzkarstwo.pl\/wp-content\/uploads\/2023\/10\/IMG_3028-768x512.jpg 768w, https:\/\/www.lyzkarstwo.pl\/wp-content\/uploads\/2023\/10\/IMG_3028-1536x1024.jpg 1536w, https:\/\/www.lyzkarstwo.pl\/wp-content\/uploads\/2023\/10\/IMG_3028-2048x1365.jpg 2048w\" sizes=\"auto, (max-width: 1024px) 100vw, 1024px\" \/><\/figure>\n\n\n\n<figure class=\"wp-block-image size-large is-resized\"><img loading=\"lazy\" decoding=\"async\" width=\"1024\" height=\"150\" src=\"http:\/\/www.lyzkarstwo.pl\/wp-content\/uploads\/2023\/08\/LOGO-1024x150.png\" alt=\"\" class=\"wp-image-96\" style=\"aspect-ratio:6.825396825396825;width:774px;height:auto\" srcset=\"https:\/\/www.lyzkarstwo.pl\/wp-content\/uploads\/2023\/08\/LOGO-1024x150.png 1024w, https:\/\/www.lyzkarstwo.pl\/wp-content\/uploads\/2023\/08\/LOGO-300x44.png 300w, https:\/\/www.lyzkarstwo.pl\/wp-content\/uploads\/2023\/08\/LOGO-768x112.png 768w, https:\/\/www.lyzkarstwo.pl\/wp-content\/uploads\/2023\/08\/LOGO.png 1245w\" sizes=\"auto, (max-width: 1024px) 100vw, 1024px\" \/><\/figure>\n\n\n\n<p><\/p>\n","protected":false},"excerpt":{"rendered":"<p>Strona internetowa po\u015bwi\u0119cona jest \u0142y\u017ckarstwu i tradycyjnej obr\u00f3bce drewna na \u0141emkowszczy\u017anie. Na stronie znalaz\u0142y si\u0119 informacje o \u0142y\u017ckarzach i osobach zajmuj\u0105cych si\u0119 tradycyjn\u0105 obr\u00f3bk\u0105 drewna &hellip; <a href=\"https:\/\/www.lyzkarstwo.pl\/index.php\/o-stronie-2\/\" class=\"more-link\"><span>czytaj dalej&#8230;<span class=\"screen-reader-text\">O STRONIE&#8230;<\/span><\/span><\/a><\/p>\n","protected":false},"author":1,"featured_media":367,"parent":0,"menu_order":0,"comment_status":"closed","ping_status":"closed","template":"","meta":{"footnotes":""},"class_list":["post-91","page","type-page","status-publish","has-post-thumbnail","hentry"],"_links":{"self":[{"href":"https:\/\/www.lyzkarstwo.pl\/index.php\/wp-json\/wp\/v2\/pages\/91","targetHints":{"allow":["GET"]}}],"collection":[{"href":"https:\/\/www.lyzkarstwo.pl\/index.php\/wp-json\/wp\/v2\/pages"}],"about":[{"href":"https:\/\/www.lyzkarstwo.pl\/index.php\/wp-json\/wp\/v2\/types\/page"}],"author":[{"embeddable":true,"href":"https:\/\/www.lyzkarstwo.pl\/index.php\/wp-json\/wp\/v2\/users\/1"}],"replies":[{"embeddable":true,"href":"https:\/\/www.lyzkarstwo.pl\/index.php\/wp-json\/wp\/v2\/comments?post=91"}],"version-history":[{"count":14,"href":"https:\/\/www.lyzkarstwo.pl\/index.php\/wp-json\/wp\/v2\/pages\/91\/revisions"}],"predecessor-version":[{"id":1732,"href":"https:\/\/www.lyzkarstwo.pl\/index.php\/wp-json\/wp\/v2\/pages\/91\/revisions\/1732"}],"wp:featuredmedia":[{"embeddable":true,"href":"https:\/\/www.lyzkarstwo.pl\/index.php\/wp-json\/wp\/v2\/media\/367"}],"wp:attachment":[{"href":"https:\/\/www.lyzkarstwo.pl\/index.php\/wp-json\/wp\/v2\/media?parent=91"}],"curies":[{"name":"wp","href":"https:\/\/api.w.org\/{rel}","templated":true}]}}