{"id":69,"date":"2023-08-21T11:13:15","date_gmt":"2023-08-21T11:13:15","guid":{"rendered":"http:\/\/www.lyzkarstwo.pl\/?page_id=69"},"modified":"2024-02-13T16:31:21","modified_gmt":"2024-02-13T16:31:21","slug":"historia-wsi","status":"publish","type":"page","link":"https:\/\/www.lyzkarstwo.pl\/index.php\/historia-wsi\/","title":{"rendered":"Historia wsi"},"content":{"rendered":"\n<p>Opisuj\u0105c histori\u0119 poszczeg\u00f3lnych wsi znajduj\u0105cych sie na \u0141emkowszczy\u017anie i s\u0142yn\u0105cych z \u0142y\u017ckarstwa i wyrob\u00f3w drobnych przedmiot\u00f3w z drewna (tzw. galanterii) opierano si\u0119 na niniejszej stronie na dost\u0119pnej literaturze przedmiotu a tak\u017ce wywiadach z mieszka\u0144cami. Nowica to jedyna ze wsi, znanych z \u0142y\u017ckarstwa  na \u0141emkowszczyznie, kt\u00f3ra doczeka\u0142a si\u0119 w\u0142asnej monografii. Ksi\u0105\u017ck\u0119 pod tytu\u0142em \u201eZ przesz\u0142o\u015bci \u0141emkowszczyzny. Dzieje Przys\u0142opia i Nowicy\u201d napisa\u0142a Zofia Szanter<a href=\"https:\/\/www.lyzkarstwo.pl\/index.php\/nowica\/#_ftn1\">[1]<\/a>. Praca ta zosta\u0142a nagrodzona w IV edycji konkursu \u201ePolska wie\u015b \u2013 dziedzictwo i przysz\u0142o\u015b\u0107\u201d organizowanego przez Fundacj\u0119 na rzecz Rozwoju polskiego Rolnictwa. Szanter pisz\u0105c swoj\u0105 prac\u0119 korzysta\u0142a z opracowa\u0144 naukowych, ksi\u0105g metrykalnych, materia\u0142\u00f3w archiwalnych z XVIII wieku znajduj\u0105cych si\u0119 w archiwach w Przemy\u015blu i Sanoku oraz w Archiwum Narodowym w Krakowie. Opr\u00f3cz tego przeprowadzi\u0142a wywiady z mieszka\u0144cami Nowicy i Przys\u0142opia. W publikacji znajduje si\u0119 du\u017co informacji, kt\u00f3re mo\u017cna odnie\u015b\u0107 nie tylko do Nowicy i Przys\u0142opia ale tak\u017ce do innych okolicznych miejscowo\u015bci jak i szerzej ca\u0142ej \u0141emkowszczyzny. Na niniejszej stronie internetowej, najbardziej obszernie i z szerszej perspektywy zaprezentowano dzieje Nowicy, uwzgl\u0119dniaj\u0105c w tej narracji pewne tematy, kt\u00f3re dotycz\u0105 \u0141emk\u00f3w niegdy\u015b mieszkaj\u0105cych tak\u017ce w Przys\u0142opiu, Kunkowej, Leszczynach i Bielance \u2013 dlatego zach\u0119cam osoby poszukuj\u0105ce informacji o codziennym dawnym \u017cyciu w wymienionych wsiach do zapoznania si\u0119 tak\u017ce z zaprezentowan\u0105 tutaj histori\u0105 Nowicy. (patrz podmenu)<\/p>\n\n\n\n<p><a href=\"https:\/\/www.lyzkarstwo.pl\/index.php\/nowica\/#_ftnref1\">[1]<\/a>&nbsp;Z. Szanter,&nbsp;<em>Z przesz\u0142o\u015bci \u0141emkowszczyzny. Dzieje Przys\u0142opia i Nowicy<\/em>, Wydawnictwo Naukowe Scholar, Warszawa 2013.<\/p>\n\n\n\n<p><\/p>\n\n\n\n<div class=\"wp-block-buttons is-content-justification-left is-layout-flex wp-container-core-buttons-is-layout-fdcfc74e wp-block-buttons-is-layout-flex\">\n<div class=\"wp-block-button is-style-fill\"><a class=\"wp-block-button__link wp-element-button\" href=\"http:\/\/www.lyzkarstwo.pl\/index.php\/kontakt\/\" target=\"_blank\" rel=\"noreferrer noopener\">Chcesz co\u015b doda\u0107?<\/a><\/div>\n<\/div>\n","protected":false},"excerpt":{"rendered":"<p>Opisuj\u0105c histori\u0119 poszczeg\u00f3lnych wsi znajduj\u0105cych sie na \u0141emkowszczy\u017anie i s\u0142yn\u0105cych z \u0142y\u017ckarstwa i wyrob\u00f3w drobnych przedmiot\u00f3w z drewna (tzw. galanterii) opierano si\u0119 na niniejszej stronie &hellip; <a href=\"https:\/\/www.lyzkarstwo.pl\/index.php\/historia-wsi\/\" class=\"more-link\"><span>czytaj dalej&#8230;<span class=\"screen-reader-text\">Historia wsi<\/span><\/span><\/a><\/p>\n","protected":false},"author":1,"featured_media":70,"parent":0,"menu_order":0,"comment_status":"closed","ping_status":"closed","template":"","meta":{"footnotes":""},"class_list":["post-69","page","type-page","status-publish","has-post-thumbnail","hentry"],"_links":{"self":[{"href":"https:\/\/www.lyzkarstwo.pl\/index.php\/wp-json\/wp\/v2\/pages\/69","targetHints":{"allow":["GET"]}}],"collection":[{"href":"https:\/\/www.lyzkarstwo.pl\/index.php\/wp-json\/wp\/v2\/pages"}],"about":[{"href":"https:\/\/www.lyzkarstwo.pl\/index.php\/wp-json\/wp\/v2\/types\/page"}],"author":[{"embeddable":true,"href":"https:\/\/www.lyzkarstwo.pl\/index.php\/wp-json\/wp\/v2\/users\/1"}],"replies":[{"embeddable":true,"href":"https:\/\/www.lyzkarstwo.pl\/index.php\/wp-json\/wp\/v2\/comments?post=69"}],"version-history":[{"count":7,"href":"https:\/\/www.lyzkarstwo.pl\/index.php\/wp-json\/wp\/v2\/pages\/69\/revisions"}],"predecessor-version":[{"id":1693,"href":"https:\/\/www.lyzkarstwo.pl\/index.php\/wp-json\/wp\/v2\/pages\/69\/revisions\/1693"}],"wp:featuredmedia":[{"embeddable":true,"href":"https:\/\/www.lyzkarstwo.pl\/index.php\/wp-json\/wp\/v2\/media\/70"}],"wp:attachment":[{"href":"https:\/\/www.lyzkarstwo.pl\/index.php\/wp-json\/wp\/v2\/media?parent=69"}],"curies":[{"name":"wp","href":"https:\/\/api.w.org\/{rel}","templated":true}]}}