{"id":52,"date":"2023-08-21T09:42:15","date_gmt":"2023-08-21T09:42:15","guid":{"rendered":"http:\/\/www.lyzkarstwo.pl\/?page_id=52"},"modified":"2023-12-30T15:39:19","modified_gmt":"2023-12-30T15:39:19","slug":"wasyl-michalak","status":"publish","type":"page","link":"https:\/\/www.lyzkarstwo.pl\/index.php\/wasyl-michalak\/","title":{"rendered":"WASYL MICHALAK"},"content":{"rendered":"\n<p>\u015b.p.Wasyl Michalak to posta\u0107 wyj\u0105tkowa; jest jednym z g\u0142\u00f3wnych bohater\u00f3w filmu dokumentalnego <a href=\"https:\/\/www.filmweb.pl\/person\/Natasza+Zi%C3%B3%C5%82kowska+Kurczuk-582717\">Nataszy Zi\u00f3\u0142kowska-Kurczuk<\/a> z 2009 r. &#8220;Nowica wie\u015b na ko\u0144cu \u015bwiata&#8221;. <\/p>\n\n\n\n<p>Podczas wywiad\u00f3w z mieszka\u0144cami Nowicy i Przys\u0142upia stara\u0142am si\u0119 pozyska\u0107 jakie\u015b informacje na temat rodziny Michalak\u00f3w. Uda\u0142o mi si\u0119 ustali\u0107, \u017ce Wasyl Michalak by\u0142 wnukiem Bazylego Cymba\u0142y od strony matki Joanny z Cymba\u0142\u00f3w. Mia\u0142 liczne rodze\u0144stwo, lecz wszyscy oni zmarli we wczesnym dzieci\u0144stwie. W czasie II wojny \u015bwiatowej ju\u017c by\u0142 \u017conaty z pochodz\u0105c\u0105 z Nowicy Antonin\u0105 z Potockich (mieszkaj\u0105cych w dolnej cz\u0119\u015bci wsi ko\u0142o cmentarza), i mieli dwoje dzieci. Pracowa\u0142 przymusowo w Austrii u gospodarza, kt\u00f3ry go bardzo \u017ale traktowa\u0142. <a href=\"https:\/\/www.lyzkarstwo.pl\/index.php\/service\/stefan-cymbala\/\" target=\"_blank\" rel=\"noreferrer noopener\">Stefan Cymba\u0142a<\/a> zapami\u0119ta\u0142: \u201eJe\u015b\u0107 nie dawali i uciek\u0142 stamt\u0105d. M\u00f3wi\u0142, \u017ce dwa dni si\u0119 b\u0142\u0105ka\u0142 i trafi\u0142 do jakiego\u015b innego gospodarza. I zosta\u0142 u tego drugiego gospodarza, m\u00f3wi\u0142, \u017ce by\u0142o bardzo dobrze &#8211; ca\u0142kiem inni ludzie. &nbsp;I tam pracowa\u0142 dziewi\u0119\u0107 miesi\u0119cy, a po dziewi\u0119ciu miesi\u0105cach go wypu\u015bcili do Polski, bo ojciec si\u0119 stara\u0142, bo tu ma\u0142e dzieci by\u0142y. Jeszcze si\u0119 uda\u0142o, \u017ce go tu pu\u015bcili. Ale d\u0142ugo tu nie by\u0142, bo jak ju\u017c by\u0142 front, \u017ce Niemca gonili Ruscy, to wzi\u0119li go na front. To by\u0142o taka sytuacja, \u017ce wiele ludzi tu si\u0119 zapisywa\u0142o na ochotnik\u00f3w na Ukrain\u0119 i wyje\u017cd\u017cali z tego rejonu. A on si\u0119 nie zapisa\u0142, nie chcia\u0142 wyjecha\u0107 z rodzin\u0105. No to sta\u0142 si\u0119 dla nich wrogiem, wydali go do ruskiego wojska i go na przymus wzi\u0119li. Jego wzi\u0119li i tu kilku jeszcze, dw\u00f3ch ochotnik\u00f3w. No i m\u00f3wi\u0142, \u017ce pod samym Berlinem na froncie by\u0142 non stop. Tylko, m\u00f3wi\u0142, \u017ce kule gwizda\u0142y ko\u0142o uszu. Ale prze\u017cy\u0142. Z frontu wr\u00f3ci\u0142, no i potem tutaj gospodarzy\u0142 ale nied\u0142ugo no bo wysiedlenie by\u0142o. I trafi\u0142 ko\u0142o Legnicy &#8211; tam mieszka\u0142. A potem, w \u201956 roku jak W\u0142adys\u0142aw Gomu\u0142ka doszed\u0142 do w\u0142adzy to pozwoli\u0142 ludziom, kt\u00f3rzy maj\u0105 tu sw\u00f3j dom, \u017ce je\u017celi tam pole zostawi to mo\u017ce si\u0119 wr\u00f3ci\u0107 na swoje. No i on z tego skorzysta\u0142 i z rodzin\u0105 wr\u00f3ci\u0142. No ale ju\u017c dom musia\u0142 budowa\u0107, bo to by\u0142 dom stary, cz\u0119\u015bciowo rozebrany, rozkradziony. Taki by\u0142 oszabrowany\u201d. Wasyl Michalak zbudowa\u0142 dom wraz z zabudowaniami, stoi on do dzi\u015b, ma ju\u017c nowych w\u0142a\u015bcicieli, kt\u00f3rzy zajmuj\u0105 si\u0119 hodowl\u0105 k\u00f3z anglonubijskich. Gospodarzy\u0142 na swoim i hodowa\u0142 du\u017co byd\u0142a a opr\u00f3cz tego zajmowa\u0142 si\u0119 produkcj\u0105 \u0142y\u017cek. Zdarza\u0142o si\u0119, \u017ce nocami cz\u0119\u015bciej by\u0142 poza domem, w polu, bo strasznie du\u017co dzik\u00f3w grasowa\u0142o i musia\u0142 pilnowa\u0107 zbo\u017ca i ziemniak\u00f3w.<\/p>\n\n\n\n<figure class=\"wp-block-image size-large\"><img loading=\"lazy\" decoding=\"async\" width=\"765\" height=\"1024\" src=\"https:\/\/www.lyzkarstwo.pl\/wp-content\/uploads\/2023\/12\/42j-001-765x1024.jpg\" alt=\"\" class=\"wp-image-1422\" srcset=\"https:\/\/www.lyzkarstwo.pl\/wp-content\/uploads\/2023\/12\/42j-001-765x1024.jpg 765w, https:\/\/www.lyzkarstwo.pl\/wp-content\/uploads\/2023\/12\/42j-001-224x300.jpg 224w, https:\/\/www.lyzkarstwo.pl\/wp-content\/uploads\/2023\/12\/42j-001-768x1028.jpg 768w, https:\/\/www.lyzkarstwo.pl\/wp-content\/uploads\/2023\/12\/42j-001-1148x1536.jpg 1148w, https:\/\/www.lyzkarstwo.pl\/wp-content\/uploads\/2023\/12\/42j-001-1530x2048.jpg 1530w, https:\/\/www.lyzkarstwo.pl\/wp-content\/uploads\/2023\/12\/42j-001-scaled.jpg 1913w\" sizes=\"auto, (max-width: 765px) 100vw, 765px\" \/><\/figure>\n\n\n\n<figure class=\"wp-block-image size-large\"><img loading=\"lazy\" decoding=\"async\" width=\"782\" height=\"1024\" src=\"https:\/\/www.lyzkarstwo.pl\/wp-content\/uploads\/2023\/12\/40j-001-782x1024.jpg\" alt=\"\" class=\"wp-image-1423\" srcset=\"https:\/\/www.lyzkarstwo.pl\/wp-content\/uploads\/2023\/12\/40j-001-782x1024.jpg 782w, https:\/\/www.lyzkarstwo.pl\/wp-content\/uploads\/2023\/12\/40j-001-229x300.jpg 229w, https:\/\/www.lyzkarstwo.pl\/wp-content\/uploads\/2023\/12\/40j-001-768x1006.jpg 768w, https:\/\/www.lyzkarstwo.pl\/wp-content\/uploads\/2023\/12\/40j-001-1173x1536.jpg 1173w, https:\/\/www.lyzkarstwo.pl\/wp-content\/uploads\/2023\/12\/40j-001-1564x2048.jpg 1564w, https:\/\/www.lyzkarstwo.pl\/wp-content\/uploads\/2023\/12\/40j-001-scaled.jpg 1955w\" sizes=\"auto, (max-width: 782px) 100vw, 782px\" \/><\/figure>\n\n\n\n<p><\/p>\n\n\n\n<p>Jan Michalak to jego syn.<\/p>\n\n\n\n<figure class=\"wp-block-image size-large\"><img loading=\"lazy\" decoding=\"async\" width=\"1024\" height=\"719\" src=\"https:\/\/www.lyzkarstwo.pl\/wp-content\/uploads\/2023\/12\/23j-001-1024x719.jpg\" alt=\"\" class=\"wp-image-1424\" srcset=\"https:\/\/www.lyzkarstwo.pl\/wp-content\/uploads\/2023\/12\/23j-001-1024x719.jpg 1024w, https:\/\/www.lyzkarstwo.pl\/wp-content\/uploads\/2023\/12\/23j-001-300x211.jpg 300w, https:\/\/www.lyzkarstwo.pl\/wp-content\/uploads\/2023\/12\/23j-001-768x539.jpg 768w, https:\/\/www.lyzkarstwo.pl\/wp-content\/uploads\/2023\/12\/23j-001-1536x1078.jpg 1536w, https:\/\/www.lyzkarstwo.pl\/wp-content\/uploads\/2023\/12\/23j-001-2048x1438.jpg 2048w\" sizes=\"auto, (max-width: 1024px) 100vw, 1024px\" \/><\/figure>\n\n\n\n<figure class=\"wp-block-image size-large is-resized\"><img loading=\"lazy\" decoding=\"async\" width=\"725\" height=\"1024\" src=\"https:\/\/www.lyzkarstwo.pl\/wp-content\/uploads\/2023\/12\/fot-Krzysztof-Daszkiewicz-725x1024.jpg\" alt=\"\" class=\"wp-image-1502\" style=\"width:786px;height:auto\" srcset=\"https:\/\/www.lyzkarstwo.pl\/wp-content\/uploads\/2023\/12\/fot-Krzysztof-Daszkiewicz-725x1024.jpg 725w, https:\/\/www.lyzkarstwo.pl\/wp-content\/uploads\/2023\/12\/fot-Krzysztof-Daszkiewicz-212x300.jpg 212w, https:\/\/www.lyzkarstwo.pl\/wp-content\/uploads\/2023\/12\/fot-Krzysztof-Daszkiewicz-768x1085.jpg 768w, https:\/\/www.lyzkarstwo.pl\/wp-content\/uploads\/2023\/12\/fot-Krzysztof-Daszkiewicz-1087x1536.jpg 1087w, https:\/\/www.lyzkarstwo.pl\/wp-content\/uploads\/2023\/12\/fot-Krzysztof-Daszkiewicz-1449x2048.jpg 1449w, https:\/\/www.lyzkarstwo.pl\/wp-content\/uploads\/2023\/12\/fot-Krzysztof-Daszkiewicz-scaled.jpg 1812w\" sizes=\"auto, (max-width: 725px) 100vw, 725px\" \/><\/figure>\n\n\n\n<p>Jan Michalak, fot. Krzysztof Daszkiewicz, Archiwum Nowica Przys\u0142up.<\/p>\n\n\n\n<p>W zasobach Archiwum Nowicy Przys\u0142up znajduje si\u0119 jednostka zawieraj\u0105ca 44. fotografie nale\u017c\u0105ce do rodziny Michalak\u00f3w a b\u0119d\u0105ce w posiadaniu Wasyla (ojca) i Jana (syna) Michalak\u00f3w. Fotografie zosta\u0142y przekazane do Archiwum po \u015bmierci Jana Michalaka przez spadkobierc\u0119. <a href=\"https:\/\/zbioryspoleczne.pl\/jednostki\/PL_1061_ANP_001_001\" data-type=\"link\" data-id=\"https:\/\/zbioryspoleczne.pl\/jednostki\/PL_1061_ANP_001_001\" target=\"_blank\" rel=\"noreferrer noopener\">Fotografie pochodz\u0105 z r\u00f3\u017cnych lat i przedstawiaj\u0105 samych w\u0142a\u015bcicieli jak i ich rodzin\u0119 i znajomych.\u00a0<\/a><\/p>\n\n\n\n<p><\/p>\n","protected":false},"excerpt":{"rendered":"<p>\u015b.p.Wasyl Michalak to posta\u0107 wyj\u0105tkowa; jest jednym z g\u0142\u00f3wnych bohater\u00f3w filmu dokumentalnego Nataszy Zi\u00f3\u0142kowska-Kurczuk z 2009 r. &#8220;Nowica wie\u015b na ko\u0144cu \u015bwiata&#8221;. Podczas wywiad\u00f3w z &hellip; <a href=\"https:\/\/www.lyzkarstwo.pl\/index.php\/wasyl-michalak\/\" class=\"more-link\"><span>czytaj dalej&#8230;<span class=\"screen-reader-text\">WASYL MICHALAK<\/span><\/span><\/a><\/p>\n","protected":false},"author":1,"featured_media":1424,"parent":0,"menu_order":0,"comment_status":"closed","ping_status":"closed","template":"","meta":{"footnotes":""},"class_list":["post-52","page","type-page","status-publish","has-post-thumbnail","hentry"],"_links":{"self":[{"href":"https:\/\/www.lyzkarstwo.pl\/index.php\/wp-json\/wp\/v2\/pages\/52","targetHints":{"allow":["GET"]}}],"collection":[{"href":"https:\/\/www.lyzkarstwo.pl\/index.php\/wp-json\/wp\/v2\/pages"}],"about":[{"href":"https:\/\/www.lyzkarstwo.pl\/index.php\/wp-json\/wp\/v2\/types\/page"}],"author":[{"embeddable":true,"href":"https:\/\/www.lyzkarstwo.pl\/index.php\/wp-json\/wp\/v2\/users\/1"}],"replies":[{"embeddable":true,"href":"https:\/\/www.lyzkarstwo.pl\/index.php\/wp-json\/wp\/v2\/comments?post=52"}],"version-history":[{"count":6,"href":"https:\/\/www.lyzkarstwo.pl\/index.php\/wp-json\/wp\/v2\/pages\/52\/revisions"}],"predecessor-version":[{"id":1503,"href":"https:\/\/www.lyzkarstwo.pl\/index.php\/wp-json\/wp\/v2\/pages\/52\/revisions\/1503"}],"wp:featuredmedia":[{"embeddable":true,"href":"https:\/\/www.lyzkarstwo.pl\/index.php\/wp-json\/wp\/v2\/media\/1424"}],"wp:attachment":[{"href":"https:\/\/www.lyzkarstwo.pl\/index.php\/wp-json\/wp\/v2\/media?parent=52"}],"curies":[{"name":"wp","href":"https:\/\/api.w.org\/{rel}","templated":true}]}}