{"id":388,"date":"2023-08-23T14:13:40","date_gmt":"2023-08-23T14:13:40","guid":{"rendered":"http:\/\/www.lyzkarstwo.pl\/?page_id=388"},"modified":"2023-08-23T14:17:44","modified_gmt":"2023-08-23T14:17:44","slug":"narzedzia","status":"publish","type":"page","link":"https:\/\/www.lyzkarstwo.pl\/index.php\/narzedzia\/","title":{"rendered":"NARZ\u0118DZIA"},"content":{"rendered":"\n<p>W trakcie bada\u0144 terenowych i kwerend poszukiwano m.in, informacji na temat narz\u0119dzi u\u017cywanych podczas tradycyjnej obr\u00f3bki drewna na zachodniej \u0141emkowszczy\u017anie. <\/p>\n","protected":false},"excerpt":{"rendered":"<p>W trakcie bada\u0144 terenowych i kwerend poszukiwano m.in, informacji na temat narz\u0119dzi u\u017cywanych podczas tradycyjnej obr\u00f3bki drewna na zachodniej \u0141emkowszczy\u017anie.<\/p>\n","protected":false},"author":1,"featured_media":0,"parent":0,"menu_order":0,"comment_status":"closed","ping_status":"closed","template":"","meta":{"footnotes":""},"class_list":["post-388","page","type-page","status-publish","hentry"],"_links":{"self":[{"href":"https:\/\/www.lyzkarstwo.pl\/index.php\/wp-json\/wp\/v2\/pages\/388","targetHints":{"allow":["GET"]}}],"collection":[{"href":"https:\/\/www.lyzkarstwo.pl\/index.php\/wp-json\/wp\/v2\/pages"}],"about":[{"href":"https:\/\/www.lyzkarstwo.pl\/index.php\/wp-json\/wp\/v2\/types\/page"}],"author":[{"embeddable":true,"href":"https:\/\/www.lyzkarstwo.pl\/index.php\/wp-json\/wp\/v2\/users\/1"}],"replies":[{"embeddable":true,"href":"https:\/\/www.lyzkarstwo.pl\/index.php\/wp-json\/wp\/v2\/comments?post=388"}],"version-history":[{"count":2,"href":"https:\/\/www.lyzkarstwo.pl\/index.php\/wp-json\/wp\/v2\/pages\/388\/revisions"}],"predecessor-version":[{"id":392,"href":"https:\/\/www.lyzkarstwo.pl\/index.php\/wp-json\/wp\/v2\/pages\/388\/revisions\/392"}],"wp:attachment":[{"href":"https:\/\/www.lyzkarstwo.pl\/index.php\/wp-json\/wp\/v2\/media?parent=388"}],"curies":[{"name":"wp","href":"https:\/\/api.w.org\/{rel}","templated":true}]}}