{"id":267,"date":"2023-08-22T10:03:42","date_gmt":"2023-08-22T10:03:42","guid":{"rendered":"http:\/\/www.lyzkarstwo.pl\/?page_id=267"},"modified":"2024-01-15T15:59:05","modified_gmt":"2024-01-15T15:59:05","slug":"spece","status":"publish","type":"page","link":"https:\/\/www.lyzkarstwo.pl\/index.php\/spece\/","title":{"rendered":"SPECE"},"content":{"rendered":"\n<p>Na stronie zaprezentowali\u015bmy sylwetki os\u00f3b mieszkaj\u0105cych na zachodniej \u0141emkowszczy\u017anie, kt\u00f3re nadal potrafi\u0105 (podmenu POTRAFI\u0104) wyrabia\u0107 drobne przedmioty z drewna metodami tradycyjnymi. Opr\u00f3cz tego wspominamy te\u017c tych, kt\u00f3rzy ju\u017c odeszli a byli niegdy\u015b biegli w swym fachu (podmenu POTRAFILI),<\/p>\n\n\n\n<div class=\"wp-block-buttons is-layout-flex wp-block-buttons-is-layout-flex\">\n<div class=\"wp-block-button\"><a class=\"wp-block-button__link wp-element-button\" href=\"https:\/\/www.lyzkarstwo.pl\/index.php\/kontakt\/\" target=\"_blank\" rel=\"noreferrer noopener\">chcesz co\u015b doda\u0107?<\/a><\/div>\n<\/div>\n","protected":false},"excerpt":{"rendered":"<p>Na stronie zaprezentowali\u015bmy sylwetki os\u00f3b mieszkaj\u0105cych na zachodniej \u0141emkowszczy\u017anie, kt\u00f3re nadal potrafi\u0105 (podmenu POTRAFI\u0104) wyrabia\u0107 drobne przedmioty z drewna metodami tradycyjnymi. Opr\u00f3cz tego wspominamy te\u017c &hellip; <a href=\"https:\/\/www.lyzkarstwo.pl\/index.php\/spece\/\" class=\"more-link\"><span>czytaj dalej&#8230;<span class=\"screen-reader-text\">SPECE<\/span><\/span><\/a><\/p>\n","protected":false},"author":1,"featured_media":268,"parent":0,"menu_order":0,"comment_status":"closed","ping_status":"closed","template":"","meta":{"footnotes":""},"class_list":["post-267","page","type-page","status-publish","has-post-thumbnail","hentry"],"_links":{"self":[{"href":"https:\/\/www.lyzkarstwo.pl\/index.php\/wp-json\/wp\/v2\/pages\/267","targetHints":{"allow":["GET"]}}],"collection":[{"href":"https:\/\/www.lyzkarstwo.pl\/index.php\/wp-json\/wp\/v2\/pages"}],"about":[{"href":"https:\/\/www.lyzkarstwo.pl\/index.php\/wp-json\/wp\/v2\/types\/page"}],"author":[{"embeddable":true,"href":"https:\/\/www.lyzkarstwo.pl\/index.php\/wp-json\/wp\/v2\/users\/1"}],"replies":[{"embeddable":true,"href":"https:\/\/www.lyzkarstwo.pl\/index.php\/wp-json\/wp\/v2\/comments?post=267"}],"version-history":[{"count":4,"href":"https:\/\/www.lyzkarstwo.pl\/index.php\/wp-json\/wp\/v2\/pages\/267\/revisions"}],"predecessor-version":[{"id":1672,"href":"https:\/\/www.lyzkarstwo.pl\/index.php\/wp-json\/wp\/v2\/pages\/267\/revisions\/1672"}],"wp:featuredmedia":[{"embeddable":true,"href":"https:\/\/www.lyzkarstwo.pl\/index.php\/wp-json\/wp\/v2\/media\/268"}],"wp:attachment":[{"href":"https:\/\/www.lyzkarstwo.pl\/index.php\/wp-json\/wp\/v2\/media?parent=267"}],"curies":[{"name":"wp","href":"https:\/\/api.w.org\/{rel}","templated":true}]}}