{"id":14,"date":"2023-08-18T17:20:25","date_gmt":"2023-08-18T17:20:25","guid":{"rendered":"http:\/\/www.lyzkarstwo.pl\/?page_id=14"},"modified":"2024-01-15T15:48:02","modified_gmt":"2024-01-15T15:48:02","slug":"lyzkarze","status":"publish","type":"page","link":"https:\/\/www.lyzkarstwo.pl\/index.php\/lyzkarze\/","title":{"rendered":"ONI POTRAFILI"},"content":{"rendered":"\n<p>Stworzone zosta\u0142y biogramy jedynie tych os\u00f3b, do kt\u00f3rych potomk\u00f3w uda\u0142o si\u0119 dotrze\u0107 i tym samym pozyska\u0107 informacje czy zdj\u0119cia (podmenu POTRAFILI w zak\u0142adce SPECE). Czytaj\u0105c ich \u017cyciorysy i opowie\u015bci o rzemio\u015ble poznajemy jednocze\u015bnie opisy narz\u0119dzi i swoiste nazewnictwo zwi\u0105zane z tym fachem a tak\u017ce szlaki handlowe i sposoby zbytu towar\u00f3w. Du\u017c\u0105, dodatkow\u0105 pomoca okaza\u0142y si\u0119 by\u0107, uzyskane podczas kwerend w Archiwum Muzeum Budownictwa Ludowego w Sanoku, archiwalne wywiady dotycz\u0105ce obr\u00f3bki drewna przeprowadzone przez student\u00f3w i studentki pod kierunkiem profesora Romana Reinfussa z nieistniej\u0105cej dzi\u015b Katedry Etnografii i Etnologii Uniwersytetu Marii Curie Sk\u0142odowskiej w Lublinie. Badania terenowe przeprowadzane by\u0142y w Nowicy, Leszczynach i Kunkowej przez okres 1,5 miesi\u0105ca w terminie od maja 1962 r. do lutego 1966 r. <\/p>\n","protected":false},"excerpt":{"rendered":"<p>Stworzone zosta\u0142y biogramy jedynie tych os\u00f3b, do kt\u00f3rych potomk\u00f3w uda\u0142o si\u0119 dotrze\u0107 i tym samym pozyska\u0107 informacje czy zdj\u0119cia (podmenu POTRAFILI w zak\u0142adce SPECE). Czytaj\u0105c &hellip; <a href=\"https:\/\/www.lyzkarstwo.pl\/index.php\/lyzkarze\/\" class=\"more-link\"><span>czytaj dalej&#8230;<span class=\"screen-reader-text\">ONI POTRAFILI<\/span><\/span><\/a><\/p>\n","protected":false},"author":1,"featured_media":15,"parent":0,"menu_order":0,"comment_status":"closed","ping_status":"closed","template":"","meta":{"footnotes":""},"class_list":["post-14","page","type-page","status-publish","has-post-thumbnail","hentry"],"_links":{"self":[{"href":"https:\/\/www.lyzkarstwo.pl\/index.php\/wp-json\/wp\/v2\/pages\/14","targetHints":{"allow":["GET"]}}],"collection":[{"href":"https:\/\/www.lyzkarstwo.pl\/index.php\/wp-json\/wp\/v2\/pages"}],"about":[{"href":"https:\/\/www.lyzkarstwo.pl\/index.php\/wp-json\/wp\/v2\/types\/page"}],"author":[{"embeddable":true,"href":"https:\/\/www.lyzkarstwo.pl\/index.php\/wp-json\/wp\/v2\/users\/1"}],"replies":[{"embeddable":true,"href":"https:\/\/www.lyzkarstwo.pl\/index.php\/wp-json\/wp\/v2\/comments?post=14"}],"version-history":[{"count":3,"href":"https:\/\/www.lyzkarstwo.pl\/index.php\/wp-json\/wp\/v2\/pages\/14\/revisions"}],"predecessor-version":[{"id":1669,"href":"https:\/\/www.lyzkarstwo.pl\/index.php\/wp-json\/wp\/v2\/pages\/14\/revisions\/1669"}],"wp:featuredmedia":[{"embeddable":true,"href":"https:\/\/www.lyzkarstwo.pl\/index.php\/wp-json\/wp\/v2\/media\/15"}],"wp:attachment":[{"href":"https:\/\/www.lyzkarstwo.pl\/index.php\/wp-json\/wp\/v2\/media?parent=14"}],"curies":[{"name":"wp","href":"https:\/\/api.w.org\/{rel}","templated":true}]}}