{"id":1026,"date":"2023-10-31T14:48:24","date_gmt":"2023-10-31T14:48:24","guid":{"rendered":"https:\/\/www.lyzkarstwo.pl\/?page_id=1026"},"modified":"2024-02-13T15:06:49","modified_gmt":"2024-02-13T15:06:49","slug":"poszukujemy","status":"publish","type":"page","link":"https:\/\/www.lyzkarstwo.pl\/index.php\/poszukujemy\/","title":{"rendered":"Poszukiwani!"},"content":{"rendered":"\n<p>Mieszkasz lub pochodzisz z \u0141emkowszczyzny? Zajmowa\u0142e\u015b si\u0119 \u0142y\u017ckarstwem, lub wyrobem drobnych przedmiot\u00f3w z drewna? A mo\u017ce robi\u0142 to kto\u015b z Twojej rodziny?<\/p>\n\n\n\n<div class=\"wp-block-buttons is-layout-flex wp-block-buttons-is-layout-flex\">\n<div class=\"wp-block-button\"><a class=\"wp-block-button__link wp-element-button\" href=\"https:\/\/www.lyzkarstwo.pl\/index.php\/kontakt\/\" target=\"_blank\" rel=\"noreferrer noopener\">napisz, zadzwo\u0144! Dzi\u0119kujemy<\/a><\/div>\n<\/div>\n","protected":false},"excerpt":{"rendered":"<p>Mieszkasz lub pochodzisz z \u0141emkowszczyzny? Zajmowa\u0142e\u015b si\u0119 \u0142y\u017ckarstwem, lub wyrobem drobnych przedmiot\u00f3w z drewna? A mo\u017ce robi\u0142 to kto\u015b z Twojej rodziny?<\/p>\n","protected":false},"author":1,"featured_media":1027,"parent":0,"menu_order":0,"comment_status":"closed","ping_status":"closed","template":"","meta":{"footnotes":""},"class_list":["post-1026","page","type-page","status-publish","has-post-thumbnail","hentry"],"_links":{"self":[{"href":"https:\/\/www.lyzkarstwo.pl\/index.php\/wp-json\/wp\/v2\/pages\/1026","targetHints":{"allow":["GET"]}}],"collection":[{"href":"https:\/\/www.lyzkarstwo.pl\/index.php\/wp-json\/wp\/v2\/pages"}],"about":[{"href":"https:\/\/www.lyzkarstwo.pl\/index.php\/wp-json\/wp\/v2\/types\/page"}],"author":[{"embeddable":true,"href":"https:\/\/www.lyzkarstwo.pl\/index.php\/wp-json\/wp\/v2\/users\/1"}],"replies":[{"embeddable":true,"href":"https:\/\/www.lyzkarstwo.pl\/index.php\/wp-json\/wp\/v2\/comments?post=1026"}],"version-history":[{"count":4,"href":"https:\/\/www.lyzkarstwo.pl\/index.php\/wp-json\/wp\/v2\/pages\/1026\/revisions"}],"predecessor-version":[{"id":1691,"href":"https:\/\/www.lyzkarstwo.pl\/index.php\/wp-json\/wp\/v2\/pages\/1026\/revisions\/1691"}],"wp:featuredmedia":[{"embeddable":true,"href":"https:\/\/www.lyzkarstwo.pl\/index.php\/wp-json\/wp\/v2\/media\/1027"}],"wp:attachment":[{"href":"https:\/\/www.lyzkarstwo.pl\/index.php\/wp-json\/wp\/v2\/media?parent=1026"}],"curies":[{"name":"wp","href":"https:\/\/api.w.org\/{rel}","templated":true}]}}